{"id":2821,"date":"2016-09-16T09:27:20","date_gmt":"2016-09-16T07:27:20","guid":{"rendered":"http:\/\/dimitriuralov.com\/fl\/?page_id=2821"},"modified":"2021-01-19T11:38:02","modified_gmt":"2021-01-19T10:38:02","slug":"enfoca","status":"publish","type":"page","link":"https:\/\/dimitriuralov.com\/fl\/enfoca\/","title":{"rendered":"V\u00eddeo 2 \u2013 Serie \u201cLibertad Financiera\u201d"},"content":{"rendered":"<p><span><img loading=\"lazy\" src=\"http:\/\/dimitriuralov.com\/fl\/wp-content\/uploads\/2015\/10\/logofled-e1448823865690.png\" style=\"width: 158px;\" width=\"158\" height=\"77\"><\/span><\/p>\n<h1 style=\"font-size: 44px; margin-bottom: 10px; margin-top: 20px; line-height: 44px; color: rgb(244, 244, 244);\" data-inline-fontsize=\"true\" data-inline-lineheight=\"true\" data-fontsize=\"44\" data-lineheight=\"44\">Gracias por tu inter\u00e9s en esta serie de v\u00eddeos sobre la <b>libertad financiera<\/b><\/h1>\n<p style=\"color: rgb(244, 244, 244);\"><a href=\"http:\/\/dimitriuralov.com\/fl\/define\/\" rel=\"\">V\u00eddeo #1 &#8211; Define<\/a><\/p>\n<p><span><a href=\"http:\/\/dimitriuralov.com\/fl\/define\/\" target=\"_self\" rel=\"noopener noreferrer\"><img loading=\"lazy\" alt=\"\" src=\"http:\/\/dimitriuralov.com\/fl\/wp-content\/uploads\/2016\/03\/play-icongrey.png\" style=\"width: 75px;\" width=\"75\" height=\"75\"><\/a><\/span><\/p>\n<p style=\"color: rgb(244, 244, 244);\">V\u00eddeo #2 &#8211; Enfoca<\/p>\n<p><span><img loading=\"lazy\" alt=\"\" src=\"http:\/\/dimitriuralov.com\/fl\/wp-content\/uploads\/2016\/03\/play-icon.png\" style=\"width: 75px;\" width=\"75\" height=\"75\"><\/span><\/p>\n<p style=\"color: rgb(244, 244, 244);\">V\u00eddeo #3 &#8211; Pr\u00f3ximamente<\/p>\n<p><span><img loading=\"lazy\" alt=\"\" src=\"http:\/\/dimitriuralov.com\/fl\/wp-content\/uploads\/2016\/03\/play-icongrey.png\" style=\"width: 75px;\" width=\"75\" height=\"75\"><\/span><\/p>\n<h4 style=\"font-size: 25px; margin-top: 20px; line-height: 25px;\" data-inline-fontsize=\"true\" data-inline-lineheight=\"true\" data-fontsize=\"25\" data-lineheight=\"25\"><span><\/span>\u00a1Reg\u00edstrate<span><\/span>&nbsp;en el <span>webinario especial<\/span> del pr\u00f3ximo 25 de Abril: \u00abEl verdadero secreto: lo que los gur\u00fas se olvidaron de contarte sobre la libertad financiera\u00bb!<\/h4>\n<p><a href=\"https:\/\/www.dimitriuralov.com\/webinario-libertad-financiera\" target=\"_blank\" rel=\"noopener noreferrer\"><span><\/span><span>\u00a1S\u00cd!, QUIERO RESERVAR MI PLAZA EN EL WEBINARIO<\/span><\/a><span style=\"vertical-align: bottom; width: 100%; height: 178px;\"><\/span><\/p>\n<p style=\"margin: 0; padding: 0; font-size: 16px; color: #fff;font-weight: 100;\">\u00a9 {tcb_current_year} Instituto de Finanzas Personales &#8211;&nbsp;Todos los derechos reservados<\/p>\n","protected":false},"excerpt":{"rendered":"<p>Gracias por tu inter\u00e9s en esta serie de v\u00eddeos sobre la libertad financiera V\u00eddeo #1 &#8211; Define V\u00eddeo #2 &#8211; Enfoca V\u00eddeo #3 &#8211; Pr\u00f3ximamente \u00a1Reg\u00edstrate&nbsp;en el webinario especial del pr\u00f3ximo 25 de Abril: \u00abEl verdadero secreto: lo que los gur\u00fas se olvidaron de contarte sobre la libertad financiera\u00bb! \u00a1S\u00cd!, QUIERO RESERVAR MI PLAZA EN [&hellip;]<\/p>\n","protected":false},"author":4,"featured_media":0,"parent":0,"menu_order":0,"comment_status":"closed","ping_status":"closed","template":"","meta":[],"_links":{"self":[{"href":"https:\/\/dimitriuralov.com\/fl\/wp-json\/wp\/v2\/pages\/2821"}],"collection":[{"href":"https:\/\/dimitriuralov.com\/fl\/wp-json\/wp\/v2\/pages"}],"about":[{"href":"https:\/\/dimitriuralov.com\/fl\/wp-json\/wp\/v2\/types\/page"}],"author":[{"embeddable":true,"href":"https:\/\/dimitriuralov.com\/fl\/wp-json\/wp\/v2\/users\/4"}],"replies":[{"embeddable":true,"href":"https:\/\/dimitriuralov.com\/fl\/wp-json\/wp\/v2\/comments?post=2821"}],"version-history":[{"count":14,"href":"https:\/\/dimitriuralov.com\/fl\/wp-json\/wp\/v2\/pages\/2821\/revisions"}],"predecessor-version":[{"id":4254,"href":"https:\/\/dimitriuralov.com\/fl\/wp-json\/wp\/v2\/pages\/2821\/revisions\/4254"}],"wp:attachment":[{"href":"https:\/\/dimitriuralov.com\/fl\/wp-json\/wp\/v2\/media?parent=2821"}],"curies":[{"name":"wp","href":"https:\/\/api.w.org\/{rel}","templated":true}]}}