{"id":34,"date":"2014-06-14T06:03:56","date_gmt":"2014-06-14T06:03:56","guid":{"rendered":"http:\/\/dimitriuralov.com\/fl\/?page_id=34"},"modified":"2017-02-07T10:08:02","modified_gmt":"2017-02-07T09:08:02","slug":"anti-spam","status":"publish","type":"page","link":"https:\/\/dimitriuralov.com\/fl\/anti-spam\/","title":{"rendered":"Politica antispam"},"content":{"rendered":"<h1>POL\u00cdTICA ANTI-SPAM<\/h1>\n<p>Esta web NO permite que nadie utilice nuestra marca con el fin de hacer spam. Si un cliente en nuestro nombre env\u00eda Spam a cualquier persona, tomaremos las medidas necesarias para ponerlo en conocimiento de las autoridades competentes.<\/p>\n<h3>Definici\u00f3n de Spam<\/h3>\n<p>Spam es CUALQUIER y TODO correo electr\u00f3nico no solicitado u otros mensajes electr\u00f3nicos. Cualquier promoci\u00f3n, informaci\u00f3n, o solicitud enviada a una persona sin su consentimiento previo es considerado como tal.<\/p>\n<h3>Ejemplos de Spam:<\/h3>\n<ul>\n<li>Cualquier mensaje electr\u00f3nico es spam si se env\u00eda a un destinatario que hab\u00edan firmado previamente para recibir boletines, informaci\u00f3n sobre el producto, o cualquier otro tipo de mensaje electr\u00f3nico, pero m\u00e1s adelante ha optado por indicar al remitente que no desea recibir m\u00e1s mensajes.<\/li>\n<li>Cualquier mensaje electr\u00f3nico enviado a los destinatarios que no han tenido antes la asociaci\u00f3n con el remitente o DIRECTAMENTE no aceptan estar en contacto con el remitente es Spam.<\/li>\n<li>Cualquier mensaje electr\u00f3nico enviado a los destinatarios obtenidos a partir de hacer ingreso voluntario o \u201copt-in\u201d con las listas de los que el remitente no tiene ninguna asociaci\u00f3n antes de Spam.<\/li>\n<li>Cualquier mensaje electr\u00f3nico enviado a un destinatario sin una forma claro para que una persona puedes desvincularse, hacer \u201copt-out\u201d o solicitar que en el futuro no se env\u00eden mensajes a los mismos, es Spam.<\/li>\n<li>Cualquier correo electr\u00f3nico enviado o publicado a trav\u00e9s de salas de chat, sistemas de mensajer\u00eda instant\u00e1nea, grupos de noticias, tablones de mensajes, es Spam.<\/li>\n<li>Cualquier correo electr\u00f3nico que no tiene una direcci\u00f3n de respuesta v\u00e1lida es Spam.<\/li>\n<\/ul>\n<h3>\u00bfQu\u00e9 no es Spam?<\/h3>\n<p>Un mensaje no es spam si el receptor directamente solicita informaci\u00f3n la cual se enviar\u00e1 a almismo desde el remitente, destinatario y que no ha pedido la retirada de su lista.<\/p>\n<h3>\u00bfC\u00f3mo funciona la ley CAN-SPAM de trabajo \u00e9tico en Internet y nuestras pol\u00edticas anti-spam?<\/h3>\n<p>Todos los mensajes enviados con toda menci\u00f3n de vinculaci\u00f3n o de alguna manera con nuestra propuesta y\/o marca, o cualquier elemento vinculado a nuestro sistema deben ser plenamente compatibles con la ley CAN-SPAM y deben ser plenamente compatible con toda la pol\u00edtica antispam antes se\u00f1alados.<\/p>\n<h3>\u00bfC\u00f3mo puedo darme de bajar de la web?<\/h3>\n<p>El enlace para darse de baja se encuentra en la parte inferior de cada correo enviado por el sistema.<\/p>\n","protected":false},"excerpt":{"rendered":"<p>POL\u00cdTICA ANTI-SPAM Esta web NO permite que nadie utilice nuestra marca con el fin de hacer spam. Si un cliente en nuestro nombre env\u00eda Spam a cualquier persona, tomaremos las medidas necesarias para ponerlo en conocimiento de las autoridades competentes. Definici\u00f3n de Spam Spam es CUALQUIER y TODO correo electr\u00f3nico no solicitado u otros mensajes [&hellip;]<\/p>\n","protected":false},"author":4,"featured_media":0,"parent":0,"menu_order":0,"comment_status":"closed","ping_status":"closed","template":"","meta":[],"_links":{"self":[{"href":"https:\/\/dimitriuralov.com\/fl\/wp-json\/wp\/v2\/pages\/34"}],"collection":[{"href":"https:\/\/dimitriuralov.com\/fl\/wp-json\/wp\/v2\/pages"}],"about":[{"href":"https:\/\/dimitriuralov.com\/fl\/wp-json\/wp\/v2\/types\/page"}],"author":[{"embeddable":true,"href":"https:\/\/dimitriuralov.com\/fl\/wp-json\/wp\/v2\/users\/4"}],"replies":[{"embeddable":true,"href":"https:\/\/dimitriuralov.com\/fl\/wp-json\/wp\/v2\/comments?post=34"}],"version-history":[{"count":4,"href":"https:\/\/dimitriuralov.com\/fl\/wp-json\/wp\/v2\/pages\/34\/revisions"}],"predecessor-version":[{"id":3050,"href":"https:\/\/dimitriuralov.com\/fl\/wp-json\/wp\/v2\/pages\/34\/revisions\/3050"}],"wp:attachment":[{"href":"https:\/\/dimitriuralov.com\/fl\/wp-json\/wp\/v2\/media?parent=34"}],"curies":[{"name":"wp","href":"https:\/\/api.w.org\/{rel}","templated":true}]}}